{"id":160,"date":"2024-05-07T08:47:49","date_gmt":"2024-05-07T08:47:49","guid":{"rendered":"https:\/\/canmolinas.com\/?page_id=160"},"modified":"2024-05-07T09:25:00","modified_gmt":"2024-05-07T09:25:00","slug":"preferencias-de-cookies","status":"publish","type":"page","link":"https:\/\/canmolinas.com\/en\/cookie-preferences\/","title":{"rendered":"Cookie Preferences"},"content":{"rendered":"<div data-elementor-type=\"wp-page\" data-elementor-id=\"160\" class=\"elementor elementor-160\" data-elementor-post-type=\"page\">\n\t\t\t\t\t\t<section class=\"elementor-section elementor-top-section elementor-element elementor-element-777f0f82 elementor-section-content-middle elementor-section-boxed elementor-section-height-default elementor-section-height-default\" data-id=\"777f0f82\" data-element_type=\"section\" data-settings=\"{&quot;background_background&quot;:&quot;classic&quot;}\">\n\t\t\t\t\t\t<div class=\"elementor-container elementor-column-gap-no\">\n\t\t\t\t\t<div class=\"elementor-column elementor-col-100 elementor-top-column elementor-element elementor-element-4ef0e26c\" data-id=\"4ef0e26c\" data-element_type=\"column\">\n\t\t\t<div class=\"elementor-widget-wrap elementor-element-populated\">\n\t\t\t\t\t\t<div class=\"elementor-element elementor-element-1c10c500 elementor-widget elementor-widget-heading\" data-id=\"1c10c500\" data-element_type=\"widget\" data-widget_type=\"heading.default\">\n\t\t\t\t<div class=\"elementor-widget-container\">\n\t\t\t\t\t<h1 class=\"elementor-heading-title elementor-size-default\">Cookie Preferences<\/h1>\t\t\t\t<\/div>\n\t\t\t\t<\/div>\n\t\t\t\t<div class=\"elementor-element elementor-element-77ef65ef elementor-widget elementor-widget-text-editor\" data-id=\"77ef65ef\" data-element_type=\"widget\" data-widget_type=\"text-editor.default\">\n\t\t\t\t<div class=\"elementor-widget-container\">\n\t\t\t\t\t\t\t\t\t<div><div id=\"custom-cookies-eu-label\">The website https:\/\/canmolinas.com uses its own and third-party cookies for its correct functioning and for analytical purposes. By clicking the Accept button, you agree to the use of these technologies and the processing of your data for these purposes.<\/div><div>\u00a0<\/div><div id=\"custom-cookies-eu-buttons\" class=\"cookies-eu-buttons\"><button id=\"custom-cookies-eu-reject\" class=\"cookies-eu-reject\">DECLINE<\/button>\u00a0<button id=\"custom-cookies-eu-accept\" class=\"cookies-eu-accept\">ACCEPT ALL COOKIES<\/button><\/div><\/div><p>\u00a0<\/p><p>You can change your cookie preferences at any time by returning to the Customize Cookies page, which you can access through the Cookie Notice. For more information about cookies and how we use them, see the\u00a0<a href=\"https:\/\/canmolinas.com\/en\/cookies-policy\/\">Cookies Policy<\/a>.<\/p><h3>Technical cookies<\/h3><p>They are those that allow registered users to navigate through the website, the restricted area and use its different functions, such as the comment system or the search engine, and cannot be deactivated.<\/p><div class=\"custom-cookies-option\"><h3>Analysis or measurement cookies<\/h3><p><input id=\"custom-cookies-accept-analytics\" class=\"custom-cookies-radio\" name=\"cookies-analytics-option\" type=\"radio\" value=\"true\" data-consent=\"ANLTCS\" \/>\u00a0<label for=\"custom-cookies-accept-analytics\">Activate<\/label>\u00a0\u00a0\u00a0\u00a0<input id=\"custom-cookies-reject-analytics\" class=\"custom-cookies-radio\" checked=\"checked\" name=\"cookies-analytics-option\" type=\"radio\" value=\"false\" data-consent=\"ANLTCS\" \/>\u00a0<label for=\"custom-cookies-reject-analytics\">Deactivate<\/label><\/p><\/div><p>They are those that, whether treated by the website or by third parties, allow the number of users to be quantified and thus carry out the measurement and statistical analysis of the use made by users of the website. To do this, your navigation on this website is analyzed in order to improve it.<\/p><div class=\"custom-cookies-option\"><h3>Social cookies<\/h3><p><input id=\"custom-cookies-accept-social\" class=\"custom-cookies-radio\" name=\"cookies-social-option\" type=\"radio\" value=\"true\" data-consent=\"SCLS\" \/>\u00a0<label for=\"custom-cookies-accept-social\">Activate<\/label>\u00a0\u00a0\u00a0\u00a0<input id=\"custom-cookies-reject-social\" class=\"custom-cookies-radio\" checked=\"checked\" name=\"cookies-social-option\" type=\"radio\" value=\"false\" data-consent=\"SCLS\" \/>\u00a0<label for=\"custom-cookies-reject-social\">Deactivate<\/label><\/p><\/div><p>They are established by social media platforms to allow users to share content with their friends and networks.<\/p>\t\t\t\t\t\t\t\t<\/div>\n\t\t\t\t<\/div>\n\t\t\t\t\t<\/div>\n\t\t<\/div>\n\t\t\t\t\t<\/div>\n\t\t<\/section>\n\t\t\t\t<\/div>","protected":false},"excerpt":{"rendered":"<p>Cookie Preferences The website https:\/\/canmolinas.com uses its own and third-party cookies for its proper functioning and for analytical purposes. By clicking the Accept button, you agree to the use of these technologies and the processing of your data for these purposes. REJECT ACCEPT ALL COOKIES You can change your cookie preferences at any time.<\/p>","protected":false},"author":1,"featured_media":0,"parent":0,"menu_order":0,"comment_status":"closed","ping_status":"closed","template":"elementor_header_footer","meta":{"ocean_post_layout":"","ocean_both_sidebars_style":"","ocean_both_sidebars_content_width":0,"ocean_both_sidebars_sidebars_width":0,"ocean_sidebar":"","ocean_second_sidebar":"","ocean_disable_margins":"enable","ocean_add_body_class":"","ocean_shortcode_before_top_bar":"","ocean_shortcode_after_top_bar":"","ocean_shortcode_before_header":"","ocean_shortcode_after_header":"","ocean_has_shortcode":"","ocean_shortcode_after_title":"","ocean_shortcode_before_footer_widgets":"","ocean_shortcode_after_footer_widgets":"","ocean_shortcode_before_footer_bottom":"","ocean_shortcode_after_footer_bottom":"","ocean_display_top_bar":"default","ocean_display_header":"default","ocean_header_style":"","ocean_center_header_left_menu":"","ocean_custom_header_template":"","ocean_custom_logo":0,"ocean_custom_retina_logo":0,"ocean_custom_logo_max_width":0,"ocean_custom_logo_tablet_max_width":0,"ocean_custom_logo_mobile_max_width":0,"ocean_custom_logo_max_height":0,"ocean_custom_logo_tablet_max_height":0,"ocean_custom_logo_mobile_max_height":0,"ocean_header_custom_menu":"","ocean_menu_typo_font_family":"","ocean_menu_typo_font_subset":"","ocean_menu_typo_font_size":0,"ocean_menu_typo_font_size_tablet":0,"ocean_menu_typo_font_size_mobile":0,"ocean_menu_typo_font_size_unit":"px","ocean_menu_typo_font_weight":"","ocean_menu_typo_font_weight_tablet":"","ocean_menu_typo_font_weight_mobile":"","ocean_menu_typo_transform":"","ocean_menu_typo_transform_tablet":"","ocean_menu_typo_transform_mobile":"","ocean_menu_typo_line_height":0,"ocean_menu_typo_line_height_tablet":0,"ocean_menu_typo_line_height_mobile":0,"ocean_menu_typo_line_height_unit":"","ocean_menu_typo_spacing":0,"ocean_menu_typo_spacing_tablet":0,"ocean_menu_typo_spacing_mobile":0,"ocean_menu_typo_spacing_unit":"","ocean_menu_link_color":"","ocean_menu_link_color_hover":"","ocean_menu_link_color_active":"","ocean_menu_link_background":"","ocean_menu_link_hover_background":"","ocean_menu_link_active_background":"","ocean_menu_social_links_bg":"","ocean_menu_social_hover_links_bg":"","ocean_menu_social_links_color":"","ocean_menu_social_hover_links_color":"","ocean_disable_title":"default","ocean_disable_heading":"default","ocean_post_title":"","ocean_post_subheading":"","ocean_post_title_style":"","ocean_post_title_background_color":"","ocean_post_title_background":0,"ocean_post_title_bg_image_position":"","ocean_post_title_bg_image_attachment":"","ocean_post_title_bg_image_repeat":"","ocean_post_title_bg_image_size":"","ocean_post_title_height":0,"ocean_post_title_bg_overlay":0.5,"ocean_post_title_bg_overlay_color":"","ocean_disable_breadcrumbs":"default","ocean_breadcrumbs_color":"","ocean_breadcrumbs_separator_color":"","ocean_breadcrumbs_links_color":"","ocean_breadcrumbs_links_hover_color":"","ocean_display_footer_widgets":"default","ocean_display_footer_bottom":"default","ocean_custom_footer_template":"","footnotes":""},"class_list":["post-160","page","type-page","status-publish","hentry","entry"],"yoast_head":"<!-- This site is optimized with the Yoast SEO plugin v25.4 - https:\/\/yoast.com\/wordpress\/plugins\/seo\/ -->\n<title>Preferencias de Cookies - Ca&#039;n Molinas<\/title>\n<meta name=\"robots\" content=\"noindex, nofollow\" \/>\n<meta property=\"og:locale\" content=\"en_GB\" \/>\n<meta property=\"og:type\" content=\"article\" \/>\n<meta property=\"og:title\" content=\"Preferencias de Cookies - Ca&#039;n Molinas\" \/>\n<meta property=\"og:description\" content=\"Preferencias de Cookies El sitio Web https:\/\/canmolinas.com utiliza cookies propias y de terceros para su correcto funcionamiento y para fines anal\u00edticos. Al hacer clic en el bot\u00f3n Aceptar, acepta el uso de estas tecnolog\u00edas y el procesamiento de sus datos para estos prop\u00f3sitos.\u00a0RECHAZAR\u00a0ACEPTAR TODAS LAS COOKIES \u00a0 Puedes cambiar tus preferencias de cookies en cualquier [&hellip;]\" \/>\n<meta property=\"og:url\" content=\"https:\/\/canmolinas.com\/en\/cookie-preferences\/\" \/>\n<meta property=\"og:site_name\" content=\"Ca&#039;n Molinas\" \/>\n<meta property=\"article:modified_time\" content=\"2024-05-07T09:25:00+00:00\" \/>\n<meta name=\"twitter:card\" content=\"summary_large_image\" \/>\n<meta name=\"twitter:label1\" content=\"Estimated reading time\" \/>\n\t<meta name=\"twitter:data1\" content=\"1 minute\" \/>\n<script type=\"application\/ld+json\" class=\"yoast-schema-graph\">{\"@context\":\"https:\/\/schema.org\",\"@graph\":[{\"@type\":\"WebPage\",\"@id\":\"https:\/\/canmolinas.com\/preferencias-de-cookies\/\",\"url\":\"https:\/\/canmolinas.com\/preferencias-de-cookies\/\",\"name\":\"Preferencias de Cookies - Ca&#039;n Molinas\",\"isPartOf\":{\"@id\":\"https:\/\/canmolinas.com\/#website\"},\"datePublished\":\"2024-05-07T08:47:49+00:00\",\"dateModified\":\"2024-05-07T09:25:00+00:00\",\"breadcrumb\":{\"@id\":\"https:\/\/canmolinas.com\/preferencias-de-cookies\/#breadcrumb\"},\"inLanguage\":\"en-GB\",\"potentialAction\":[{\"@type\":\"ReadAction\",\"target\":[\"https:\/\/canmolinas.com\/preferencias-de-cookies\/\"]}]},{\"@type\":\"BreadcrumbList\",\"@id\":\"https:\/\/canmolinas.com\/preferencias-de-cookies\/#breadcrumb\",\"itemListElement\":[{\"@type\":\"ListItem\",\"position\":1,\"name\":\"Portada\",\"item\":\"https:\/\/canmolinas.com\/\"},{\"@type\":\"ListItem\",\"position\":2,\"name\":\"Preferencias de Cookies\"}]},{\"@type\":\"WebSite\",\"@id\":\"https:\/\/canmolinas.com\/#website\",\"url\":\"https:\/\/canmolinas.com\/\",\"name\":\"Can Molinas\",\"description\":\"La tradici&oacute;n y el sabor de Valldemossa\",\"publisher\":{\"@id\":\"https:\/\/canmolinas.com\/#organization\"},\"potentialAction\":[{\"@type\":\"SearchAction\",\"target\":{\"@type\":\"EntryPoint\",\"urlTemplate\":\"https:\/\/canmolinas.com\/?s={search_term_string}\"},\"query-input\":{\"@type\":\"PropertyValueSpecification\",\"valueRequired\":true,\"valueName\":\"search_term_string\"}}],\"inLanguage\":\"en-GB\"},{\"@type\":\"Organization\",\"@id\":\"https:\/\/canmolinas.com\/#organization\",\"name\":\"Can Molinas\",\"url\":\"https:\/\/canmolinas.com\/\",\"logo\":{\"@type\":\"ImageObject\",\"inLanguage\":\"en-GB\",\"@id\":\"https:\/\/canmolinas.com\/#\/schema\/logo\/image\/\",\"url\":\"https:\/\/canmolinas.com\/wp-content\/uploads\/2024\/05\/can-molinas-blanco-1.png\",\"contentUrl\":\"https:\/\/canmolinas.com\/wp-content\/uploads\/2024\/05\/can-molinas-blanco-1.png\",\"width\":1242,\"height\":883,\"caption\":\"Can Molinas\"},\"image\":{\"@id\":\"https:\/\/canmolinas.com\/#\/schema\/logo\/image\/\"}}]}<\/script>\n<!-- \/ Yoast SEO plugin. -->","yoast_head_json":{"title":"Preferencias de Cookies - Ca&#039;n Molinas","robots":{"index":"noindex","follow":"nofollow"},"og_locale":"en_GB","og_type":"article","og_title":"Preferencias de Cookies - Ca&#039;n Molinas","og_description":"Preferencias de Cookies El sitio Web https:\/\/canmolinas.com utiliza cookies propias y de terceros para su correcto funcionamiento y para fines anal\u00edticos. Al hacer clic en el bot\u00f3n Aceptar, acepta el uso de estas tecnolog\u00edas y el procesamiento de sus datos para estos prop\u00f3sitos.\u00a0RECHAZAR\u00a0ACEPTAR TODAS LAS COOKIES \u00a0 Puedes cambiar tus preferencias de cookies en cualquier [&hellip;]","og_url":"https:\/\/canmolinas.com\/en\/cookie-preferences\/","og_site_name":"Ca&#039;n Molinas","article_modified_time":"2024-05-07T09:25:00+00:00","twitter_card":"summary_large_image","twitter_misc":{"Estimated reading time":"1 minute"},"schema":{"@context":"https:\/\/schema.org","@graph":[{"@type":"WebPage","@id":"https:\/\/canmolinas.com\/preferencias-de-cookies\/","url":"https:\/\/canmolinas.com\/preferencias-de-cookies\/","name":"Preferencias de Cookies - Ca&#039;n Molinas","isPartOf":{"@id":"https:\/\/canmolinas.com\/#website"},"datePublished":"2024-05-07T08:47:49+00:00","dateModified":"2024-05-07T09:25:00+00:00","breadcrumb":{"@id":"https:\/\/canmolinas.com\/preferencias-de-cookies\/#breadcrumb"},"inLanguage":"en-GB","potentialAction":[{"@type":"ReadAction","target":["https:\/\/canmolinas.com\/preferencias-de-cookies\/"]}]},{"@type":"BreadcrumbList","@id":"https:\/\/canmolinas.com\/preferencias-de-cookies\/#breadcrumb","itemListElement":[{"@type":"ListItem","position":1,"name":"Portada","item":"https:\/\/canmolinas.com\/"},{"@type":"ListItem","position":2,"name":"Preferencias de Cookies"}]},{"@type":"WebSite","@id":"https:\/\/canmolinas.com\/#website","url":"https:\/\/canmolinas.com\/","name":"Can Molinas","description":"La tradici&oacute;n y el sabor de Valldemossa","publisher":{"@id":"https:\/\/canmolinas.com\/#organization"},"potentialAction":[{"@type":"SearchAction","target":{"@type":"EntryPoint","urlTemplate":"https:\/\/canmolinas.com\/?s={search_term_string}"},"query-input":{"@type":"PropertyValueSpecification","valueRequired":true,"valueName":"search_term_string"}}],"inLanguage":"en-GB"},{"@type":"Organization","@id":"https:\/\/canmolinas.com\/#organization","name":"Can Molinas","url":"https:\/\/canmolinas.com\/","logo":{"@type":"ImageObject","inLanguage":"en-GB","@id":"https:\/\/canmolinas.com\/#\/schema\/logo\/image\/","url":"https:\/\/canmolinas.com\/wp-content\/uploads\/2024\/05\/can-molinas-blanco-1.png","contentUrl":"https:\/\/canmolinas.com\/wp-content\/uploads\/2024\/05\/can-molinas-blanco-1.png","width":1242,"height":883,"caption":"Can Molinas"},"image":{"@id":"https:\/\/canmolinas.com\/#\/schema\/logo\/image\/"}}]}},"_links":{"self":[{"href":"https:\/\/canmolinas.com\/en\/wp-json\/wp\/v2\/pages\/160","targetHints":{"allow":["GET"]}}],"collection":[{"href":"https:\/\/canmolinas.com\/en\/wp-json\/wp\/v2\/pages"}],"about":[{"href":"https:\/\/canmolinas.com\/en\/wp-json\/wp\/v2\/types\/page"}],"author":[{"embeddable":true,"href":"https:\/\/canmolinas.com\/en\/wp-json\/wp\/v2\/users\/1"}],"replies":[{"embeddable":true,"href":"https:\/\/canmolinas.com\/en\/wp-json\/wp\/v2\/comments?post=160"}],"version-history":[{"count":13,"href":"https:\/\/canmolinas.com\/en\/wp-json\/wp\/v2\/pages\/160\/revisions"}],"predecessor-version":[{"id":204,"href":"https:\/\/canmolinas.com\/en\/wp-json\/wp\/v2\/pages\/160\/revisions\/204"}],"wp:attachment":[{"href":"https:\/\/canmolinas.com\/en\/wp-json\/wp\/v2\/media?parent=160"}],"curies":[{"name":"wp","href":"https:\/\/api.w.org\/{rel}","templated":true}]}}