{"id":156,"date":"2024-05-07T08:46:55","date_gmt":"2024-05-07T08:46:55","guid":{"rendered":"https:\/\/canmolinas.com\/?page_id=156"},"modified":"2025-07-04T12:34:25","modified_gmt":"2025-07-04T12:34:25","slug":"politica-de-privacidad","status":"publish","type":"page","link":"https:\/\/canmolinas.com\/en\/privacy-policy\/","title":{"rendered":"Privacy Policy"},"content":{"rendered":"<div data-elementor-type=\"wp-page\" data-elementor-id=\"156\" class=\"elementor elementor-156\" data-elementor-post-type=\"page\">\n\t\t\t\t\t\t<section class=\"elementor-section elementor-top-section elementor-element elementor-element-1c01d707 elementor-section-content-middle elementor-section-boxed elementor-section-height-default elementor-section-height-default\" data-id=\"1c01d707\" data-element_type=\"section\" data-settings=\"{&quot;background_background&quot;:&quot;classic&quot;}\">\n\t\t\t\t\t\t<div class=\"elementor-container elementor-column-gap-no\">\n\t\t\t\t\t<div class=\"elementor-column elementor-col-100 elementor-top-column elementor-element elementor-element-785bae63\" data-id=\"785bae63\" data-element_type=\"column\">\n\t\t\t<div class=\"elementor-widget-wrap elementor-element-populated\">\n\t\t\t\t\t\t<div class=\"elementor-element elementor-element-4c68b5cf elementor-widget elementor-widget-heading\" data-id=\"4c68b5cf\" data-element_type=\"widget\" data-widget_type=\"heading.default\">\n\t\t\t\t<div class=\"elementor-widget-container\">\n\t\t\t\t\t<h1 class=\"elementor-heading-title elementor-size-default\">Privacy Policy<\/h1>\t\t\t\t<\/div>\n\t\t\t\t<\/div>\n\t\t\t\t<div class=\"elementor-element elementor-element-2ff210f3 elementor-widget elementor-widget-text-editor\" data-id=\"2ff210f3\" data-element_type=\"widget\" data-widget_type=\"text-editor.default\">\n\t\t\t\t<div class=\"elementor-widget-container\">\n\t\t\t\t\t\t\t\t\t<p><span style=\"font-weight: 400;\">In accordance with the provisions of the General Data Protection Regulation (GDPR) EU 679\/2016 and Organic Law 3\/2018 of December 5, on the Protection of Personal Data and the Guarantee of Digital Rights, you are provided with the following information regarding the processing of your personal data:<\/span><\/p><p><b>Who is responsible for the processing of your personal data?<\/b><\/p><p><span style=\"font-weight: 400;\">Data controller: TORRES VICENS CB, NIF\/CIF: E57341877, Address: C\/ BLANQUERNA N\u00ba15, CP: 07170, VALLDEMOSSA, Telephone 971612247, Email: margavicensoliver@gmail.com.\u00a0\u00a0<\/span><\/p><p><b>What data do we process?<\/b><\/p><p><span style=\"font-weight: 400;\">At TORRES VICENS CB, we process the personal data you provide by completing the forms provided for this purpose on this website, personal data derived from the provision or contracting of our services or products, and\/or personal data derived from the commercial relationship you maintain with us. In addition, we process personal data generated in the context of your activity on our website, which includes your browsing data obtained through the website.<\/span><\/p><p><span style=\"font-weight: 400;\">It is important for us to keep your personal information up to date. You are required to inform us of any changes or errors in your personal information as soon as possible by contacting us at margavicensoliver@gmail.com.<\/span><\/p><p><b>For what purpose do we process your personal data?<\/b><\/p><p><span style=\"font-weight: 400;\">Purpose: TORRES VICENS CB may process your personal data for the following purposes:<\/span><\/p><p><span style=\"font-weight: 400;\">-Management and maintenance of the services provided through the website.<\/span><\/p><p><span style=\"font-weight: 400;\">-Management and response to inquiries and requests for information submitted by users through the contact form. The email address and personal data you provide through the website&#039;s contact form will be used exclusively to respond to your inquiries.<\/span><\/p><p><span style=\"font-weight: 400;\">-Compliance with applicable legal obligations.<\/span><\/p><p><span style=\"font-weight: 400;\">-Sending commercial communications and newsletters, as well as advertising for our services and products.<\/span><\/p><p><span style=\"font-weight: 400;\">-If you have given your consent, and in order to offer you services tailored to your interests, your personal data may be used to create a commercial profile. No automated decisions will be made based on this profile.<\/span><\/p><p><span style=\"font-weight: 400;\">We retain your personal data in our systems and files for the time necessary to carry out the purposes of the processing and to comply with applicable law. Your personal data will be retained for as long as a contractual and\/or commercial relationship exists with you, or as long as you do not exercise your right to erasure and\/or restriction of processing. The retention period for personal data will vary depending on the purposes of the processing and, in general, will:<\/span><\/p><p><span style=\"font-weight: 400;\">-The personal data you provide to us when contracting our services or products will be retained throughout the contractual relationship and, once it has ended, for the duration of any legal action that may arise from it.<\/span><\/p><p><span style=\"font-weight: 400;\">-The personal data you provide to us to process requests for information or inquiries through the contact form will be retained as long as you do not request its deletion or cancellation.<\/span><\/p><p><span style=\"font-weight: 400;\">-The personal data you provide to subscribe to our newsletter will be retained as long as you do not request its deletion, objection, or restriction.<\/span><\/p><p><span style=\"font-weight: 400;\">-The personal data obtained from your browsing and consumer habits, as well as the commercial profile obtained, will be retained as long as you do not request its deletion or cancellation.<\/span><\/p><p><span style=\"font-weight: 400;\">Your personal data will be retained as long as it is useful for the purposes indicated and, in any case, for the legally required periods and the time necessary to address any potential liabilities arising from the processing.<\/span><\/p><p><b>Data security.<\/b><\/p><p><span style=\"font-weight: 400;\">We have appropriate technical and organizational security measures in place to protect your personal data against unauthorized or unlawful processing and against accidental loss, destruction, or damage, ensuring their integrity and confidentiality. The technical and organizational security measures implemented allow us to: guarantee the ongoing confidentiality, integrity, availability, and resilience of processing systems and services; restore the availability of and access to personal data quickly in the event of a physical or technical incident; and regularly verify, evaluate, and assess the effectiveness of the technical and organizational measures implemented to ensure the security of processing.<\/span><\/p><p><span style=\"font-weight: 400;\">These technical and organizational security measures have been designed taking into account our IT infrastructure, the state of the art in accordance with current standards and practices, the cost of implementation, and the nature, scope, context, and purposes of processing, as well as the risks of varying likelihood and severity that the processing of your personal data entails.<\/span><\/p><p><b>What is the legitimacy for processing your data?<\/b><\/p><p><span style=\"font-weight: 400;\">Legitimation: The legitimacy to process your personal data is based on:<\/span><\/p><p><span style=\"font-weight: 400;\">-The execution and maintenance of a contractual and commercial relationship with you, such as, for example, the contracting of products and services from the entity, management and request for quotes for the products and\/or services of the entity, all in accordance with the provisions of Article 6.1.B of the GDPR (EU) 679\/2016 and Organic Law 3\/2018, of December 5 (LOPDPGDD).<\/span><\/p><p><span style=\"font-weight: 400;\">-Your express consent for one or more purposes, such as the sending of advertising communications or newsletters from you or third parties, management of CVs, participation in activities or competitions, all in accordance with the provisions of Article 6.1.A of the GDPR (EU) 679\/2016 and Organic Law 3\/2018, of December 5 (LOPDPGDD).<\/span><\/p><p><span style=\"font-weight: 400;\">-Compliance with various legal obligations, all in accordance with the provisions of Article 6.1.C of the GDPR (EU) 679\/2016 and Organic Law 3\/2018, of December 5 (LOPDPGDD).<\/span><\/p><p><span style=\"font-weight: 400;\">\u2013 The satisfaction of legitimate interests pursued by the data controller or a third party, for example, for security reasons, to improve our services, or to manage your requests or inquiries.<\/span><\/p><p><span style=\"font-weight: 400;\">During the data collection process, and at each location on the website where personal data is requested, the user will be informed, either through a hyperlink or by including appropriate information on the form itself, whether the collection of their personal data is mandatory or not.<\/span><\/p><p><span style=\"font-weight: 400;\">The personal data requested in the website forms is, in general, mandatory (unless otherwise specified in the required field) to fulfill the established purposes. Therefore, if the requested personal data is not provided, or is provided incorrectly, the purposes cannot be fulfilled.<\/span><\/p><p><span style=\"font-weight: 400;\">You are required to provide your personal data when purchasing a service or product, and\/or when requesting quotes or offers.<\/span><\/p><p><span style=\"font-weight: 400;\">The sending of advertising communications, newsletters, or bulletins about our products and services is based on the consent requested from you. The withdrawal of this consent does not, under any circumstances, affect the contractual or commercial relationship you maintain with us.<\/span><\/p><p><span style=\"font-weight: 400;\">If you have authorized us to send advertising for our services and products, your personal data may be used to manage the sending of advertising offers and newsletters via electronic means. In these cases, the provisions of Articles 20 and 21 of Law 34\/2002, of July 11, on information society services and electronic commerce, apply to the use and processing of your personal data for the purpose of managing the sending of advertising via electronic means.<\/span><\/p><p><span style=\"font-weight: 400;\">If you have opted in to receive advertising, or if you have subscribed to our newsletter, you can opt out at any time.<\/span><\/p><p><b>To which recipients will your data be communicated?<\/b><\/p><p><span style=\"font-weight: 400;\">Recipients: In general, your personal data will not be communicated to any third party outside the entity, except under legal obligation. However, we inform you that third-party providers may have access to your personal data as data processors, within the framework of providing a service to the entity responsible for the processing. We inform you that you can request the complete list of recipients who may receive your personal data as data processors or as third-party recipients by transfer by email to margavicensoliver@gmail.com. In addition to the above, the entity may transfer or communicate personal data to meet its obligations to Public Administrations when required, in accordance with current legislation.<\/span><\/p><p><span style=\"font-weight: 400;\">-International data transfers:<\/span><\/p><p><span style=\"font-weight: 400;\">In order to carry out the data processing activities detailed above, we may transfer data to countries outside the European Economic Area (EEA) and store such data in physical or digital databases managed by entities acting on our behalf. Database management and data processing are limited to the purposes of the processing and are carried out in accordance with applicable data protection laws and regulations. If data is transferred outside the EEA, the company will use appropriate contractual measures to ensure data protection, which may include, but are not limited to, contracts based on the standard data protection clauses adopted by the European Commission applicable to the transfer of personal data outside the EEA.<\/span><\/p><p><b>What rights do you have regarding the processing of your personal data?<\/b><\/p><p><span style=\"font-weight: 400;\">Rights: You have the right to obtain access to your personal data, as well as to request the rectification of inaccurate data or, where appropriate, request its deletion when, among other reasons, the data is no longer necessary for the purposes for which it was collected. In certain circumstances, you may request the restriction of the processing of your data, in which case we will only retain it for the exercise or defense of legal claims. Likewise, and for reasons related to your particular situation, you may object to the processing of your data, in which case your personal information will no longer be processed for the purposes to which you have expressed your objection. When technically possible, you may request the portability of your data to another data controller. To exercise these rights, in accordance with current legislation, you may contact TORRES VICENS CB at C\/ BLANQUERNA N\u00ba15, CP: 07170, VALLDEMOSSA, by post, attaching a copy of an ID document (DNI), or by email at margavicensoliver@gmail.com. You have the right to file a complaint with the Supervisory Authority: the Spanish Data Protection Agency (www.agpd.es). Source of the Personal Data: the data subject.<\/span><\/p><p><span style=\"font-weight: 400;\">You expressly agree to the inclusion of personal data collected while browsing the website and\/or provided by completing any form, as well as any data arising from a potential business relationship, in the entity&#039;s automated personal data files.<\/span><\/p><p><span style=\"font-weight: 400;\">The entity guarantees the confidentiality of its users&#039; personal data. However, the entity will disclose personal data and any other information in its possession or accessible through its systems to the competent public authorities upon request, in accordance with the applicable legal and regulatory provisions. Personal data may be retained in files owned by TORRES VICENS CB, even after the commercial relationships formalized through the entity&#039;s website have ended, exclusively for the purposes indicated above and, in any case, for the legally established periods, available to administrative or judicial authorities.<\/span><\/p><p><b>Use of social networks.<\/b><\/p><p><span style=\"font-weight: 400;\">When you interact with our website through various social media platforms, such as when you connect with us, follow us, or share our content on social media platforms (Facebook, Twitter, LinkedIn, Instagram, or others), we may receive information from those social media platforms, including your profile information, the user ID associated with your social media account, and any other public information you allow to be shared with third parties on the social media platform.<\/span><\/p><p><span style=\"font-weight: 400;\">The entity uses social media to provide information about the services it offers, as well as any other activities or events it may carry out and wish to publicize. However, at no time will it obtain personal data from users who interact with it, unless specifically authorized.<\/span><\/p><p><span style=\"font-weight: 400;\">This data is only used within the social network itself and is not incorporated into any processing system.<\/span><\/p><p><span style=\"font-weight: 400;\">Social networks have their own terms of use and privacy policies that you are required to take into account and comply with if you use them.<\/span><\/p>\t\t\t\t\t\t\t\t<\/div>\n\t\t\t\t<\/div>\n\t\t\t\t\t<\/div>\n\t\t<\/div>\n\t\t\t\t\t<\/div>\n\t\t<\/section>\n\t\t\t\t<\/div>","protected":false},"excerpt":{"rendered":"<p>Privacy Policy In accordance with the provisions of the General Data Protection Regulation (GDPR) EU 679\/2016 and Organic Law 3\/2018 of December 5, on the Protection of Personal Data and Guarantee of Digital Rights, you are provided with the following information regarding the processing of your personal data: Who is [\u2026]<\/p>","protected":false},"author":1,"featured_media":0,"parent":0,"menu_order":0,"comment_status":"closed","ping_status":"closed","template":"elementor_header_footer","meta":{"ocean_post_layout":"","ocean_both_sidebars_style":"","ocean_both_sidebars_content_width":0,"ocean_both_sidebars_sidebars_width":0,"ocean_sidebar":"","ocean_second_sidebar":"","ocean_disable_margins":"enable","ocean_add_body_class":"","ocean_shortcode_before_top_bar":"","ocean_shortcode_after_top_bar":"","ocean_shortcode_before_header":"","ocean_shortcode_after_header":"","ocean_has_shortcode":"","ocean_shortcode_after_title":"","ocean_shortcode_before_footer_widgets":"","ocean_shortcode_after_footer_widgets":"","ocean_shortcode_before_footer_bottom":"","ocean_shortcode_after_footer_bottom":"","ocean_display_top_bar":"default","ocean_display_header":"default","ocean_header_style":"","ocean_center_header_left_menu":"","ocean_custom_header_template":"","ocean_custom_logo":0,"ocean_custom_retina_logo":0,"ocean_custom_logo_max_width":0,"ocean_custom_logo_tablet_max_width":0,"ocean_custom_logo_mobile_max_width":0,"ocean_custom_logo_max_height":0,"ocean_custom_logo_tablet_max_height":0,"ocean_custom_logo_mobile_max_height":0,"ocean_header_custom_menu":"","ocean_menu_typo_font_family":"","ocean_menu_typo_font_subset":"","ocean_menu_typo_font_size":0,"ocean_menu_typo_font_size_tablet":0,"ocean_menu_typo_font_size_mobile":0,"ocean_menu_typo_font_size_unit":"px","ocean_menu_typo_font_weight":"","ocean_menu_typo_font_weight_tablet":"","ocean_menu_typo_font_weight_mobile":"","ocean_menu_typo_transform":"","ocean_menu_typo_transform_tablet":"","ocean_menu_typo_transform_mobile":"","ocean_menu_typo_line_height":0,"ocean_menu_typo_line_height_tablet":0,"ocean_menu_typo_line_height_mobile":0,"ocean_menu_typo_line_height_unit":"","ocean_menu_typo_spacing":0,"ocean_menu_typo_spacing_tablet":0,"ocean_menu_typo_spacing_mobile":0,"ocean_menu_typo_spacing_unit":"","ocean_menu_link_color":"","ocean_menu_link_color_hover":"","ocean_menu_link_color_active":"","ocean_menu_link_background":"","ocean_menu_link_hover_background":"","ocean_menu_link_active_background":"","ocean_menu_social_links_bg":"","ocean_menu_social_hover_links_bg":"","ocean_menu_social_links_color":"","ocean_menu_social_hover_links_color":"","ocean_disable_title":"default","ocean_disable_heading":"default","ocean_post_title":"","ocean_post_subheading":"","ocean_post_title_style":"","ocean_post_title_background_color":"","ocean_post_title_background":0,"ocean_post_title_bg_image_position":"","ocean_post_title_bg_image_attachment":"","ocean_post_title_bg_image_repeat":"","ocean_post_title_bg_image_size":"","ocean_post_title_height":0,"ocean_post_title_bg_overlay":0.5,"ocean_post_title_bg_overlay_color":"","ocean_disable_breadcrumbs":"default","ocean_breadcrumbs_color":"","ocean_breadcrumbs_separator_color":"","ocean_breadcrumbs_links_color":"","ocean_breadcrumbs_links_hover_color":"","ocean_display_footer_widgets":"default","ocean_display_footer_bottom":"default","ocean_custom_footer_template":"","footnotes":""},"class_list":["post-156","page","type-page","status-publish","hentry","entry"],"yoast_head":"<!-- This site is optimized with the Yoast SEO plugin v25.4 - https:\/\/yoast.com\/wordpress\/plugins\/seo\/ -->\n<title>Pol\u00edtica de Privacidad - Ca&#039;n Molinas<\/title>\n<meta name=\"robots\" content=\"noindex, nofollow\" \/>\n<meta property=\"og:locale\" content=\"en_GB\" \/>\n<meta property=\"og:type\" content=\"article\" \/>\n<meta property=\"og:title\" content=\"Pol\u00edtica de Privacidad - Ca&#039;n Molinas\" \/>\n<meta property=\"og:description\" content=\"Pol\u00edtica de Privacidad De conformidad con lo dispuesto en el Reglamento General de Protecci\u00f3n de Datos RGPD UE 679\/2016 y la Ley Org\u00e1nica 3\/2018 de 5 de Diciembre, de Protecci\u00f3n de Datos Personales y Garant\u00eda de los Derechos Digitales, se le facilita la siguiente informaci\u00f3n del tratamiento de sus datos de car\u00e1cter personal: \u00bfQui\u00e9n es [&hellip;]\" \/>\n<meta property=\"og:url\" content=\"https:\/\/canmolinas.com\/en\/privacy-policy\/\" \/>\n<meta property=\"og:site_name\" content=\"Ca&#039;n Molinas\" \/>\n<meta property=\"article:modified_time\" content=\"2025-07-04T12:34:25+00:00\" \/>\n<meta name=\"twitter:card\" content=\"summary_large_image\" \/>\n<meta name=\"twitter:label1\" content=\"Estimated reading time\" \/>\n\t<meta name=\"twitter:data1\" content=\"10 minutes\" \/>\n<script type=\"application\/ld+json\" class=\"yoast-schema-graph\">{\"@context\":\"https:\/\/schema.org\",\"@graph\":[{\"@type\":\"WebPage\",\"@id\":\"https:\/\/canmolinas.com\/politica-de-privacidad\/\",\"url\":\"https:\/\/canmolinas.com\/politica-de-privacidad\/\",\"name\":\"Pol\u00edtica de Privacidad - Ca&#039;n Molinas\",\"isPartOf\":{\"@id\":\"https:\/\/canmolinas.com\/#website\"},\"datePublished\":\"2024-05-07T08:46:55+00:00\",\"dateModified\":\"2025-07-04T12:34:25+00:00\",\"breadcrumb\":{\"@id\":\"https:\/\/canmolinas.com\/politica-de-privacidad\/#breadcrumb\"},\"inLanguage\":\"en-GB\",\"potentialAction\":[{\"@type\":\"ReadAction\",\"target\":[\"https:\/\/canmolinas.com\/politica-de-privacidad\/\"]}]},{\"@type\":\"BreadcrumbList\",\"@id\":\"https:\/\/canmolinas.com\/politica-de-privacidad\/#breadcrumb\",\"itemListElement\":[{\"@type\":\"ListItem\",\"position\":1,\"name\":\"Portada\",\"item\":\"https:\/\/canmolinas.com\/\"},{\"@type\":\"ListItem\",\"position\":2,\"name\":\"Pol\u00edtica de Privacidad\"}]},{\"@type\":\"WebSite\",\"@id\":\"https:\/\/canmolinas.com\/#website\",\"url\":\"https:\/\/canmolinas.com\/\",\"name\":\"Can Molinas\",\"description\":\"La tradici&oacute;n y el sabor de Valldemossa\",\"publisher\":{\"@id\":\"https:\/\/canmolinas.com\/#organization\"},\"potentialAction\":[{\"@type\":\"SearchAction\",\"target\":{\"@type\":\"EntryPoint\",\"urlTemplate\":\"https:\/\/canmolinas.com\/?s={search_term_string}\"},\"query-input\":{\"@type\":\"PropertyValueSpecification\",\"valueRequired\":true,\"valueName\":\"search_term_string\"}}],\"inLanguage\":\"en-GB\"},{\"@type\":\"Organization\",\"@id\":\"https:\/\/canmolinas.com\/#organization\",\"name\":\"Can Molinas\",\"url\":\"https:\/\/canmolinas.com\/\",\"logo\":{\"@type\":\"ImageObject\",\"inLanguage\":\"en-GB\",\"@id\":\"https:\/\/canmolinas.com\/#\/schema\/logo\/image\/\",\"url\":\"https:\/\/canmolinas.com\/wp-content\/uploads\/2024\/05\/can-molinas-blanco-1.png\",\"contentUrl\":\"https:\/\/canmolinas.com\/wp-content\/uploads\/2024\/05\/can-molinas-blanco-1.png\",\"width\":1242,\"height\":883,\"caption\":\"Can Molinas\"},\"image\":{\"@id\":\"https:\/\/canmolinas.com\/#\/schema\/logo\/image\/\"}}]}<\/script>\n<!-- \/ Yoast SEO plugin. -->","yoast_head_json":{"title":"Pol\u00edtica de Privacidad - Ca&#039;n Molinas","robots":{"index":"noindex","follow":"nofollow"},"og_locale":"en_GB","og_type":"article","og_title":"Pol\u00edtica de Privacidad - Ca&#039;n Molinas","og_description":"Pol\u00edtica de Privacidad De conformidad con lo dispuesto en el Reglamento General de Protecci\u00f3n de Datos RGPD UE 679\/2016 y la Ley Org\u00e1nica 3\/2018 de 5 de Diciembre, de Protecci\u00f3n de Datos Personales y Garant\u00eda de los Derechos Digitales, se le facilita la siguiente informaci\u00f3n del tratamiento de sus datos de car\u00e1cter personal: \u00bfQui\u00e9n es [&hellip;]","og_url":"https:\/\/canmolinas.com\/en\/privacy-policy\/","og_site_name":"Ca&#039;n Molinas","article_modified_time":"2025-07-04T12:34:25+00:00","twitter_card":"summary_large_image","twitter_misc":{"Estimated reading time":"10 minutes"},"schema":{"@context":"https:\/\/schema.org","@graph":[{"@type":"WebPage","@id":"https:\/\/canmolinas.com\/politica-de-privacidad\/","url":"https:\/\/canmolinas.com\/politica-de-privacidad\/","name":"Pol\u00edtica de Privacidad - Ca&#039;n Molinas","isPartOf":{"@id":"https:\/\/canmolinas.com\/#website"},"datePublished":"2024-05-07T08:46:55+00:00","dateModified":"2025-07-04T12:34:25+00:00","breadcrumb":{"@id":"https:\/\/canmolinas.com\/politica-de-privacidad\/#breadcrumb"},"inLanguage":"en-GB","potentialAction":[{"@type":"ReadAction","target":["https:\/\/canmolinas.com\/politica-de-privacidad\/"]}]},{"@type":"BreadcrumbList","@id":"https:\/\/canmolinas.com\/politica-de-privacidad\/#breadcrumb","itemListElement":[{"@type":"ListItem","position":1,"name":"Portada","item":"https:\/\/canmolinas.com\/"},{"@type":"ListItem","position":2,"name":"Pol\u00edtica de Privacidad"}]},{"@type":"WebSite","@id":"https:\/\/canmolinas.com\/#website","url":"https:\/\/canmolinas.com\/","name":"Can Molinas","description":"La tradici&oacute;n y el sabor de Valldemossa","publisher":{"@id":"https:\/\/canmolinas.com\/#organization"},"potentialAction":[{"@type":"SearchAction","target":{"@type":"EntryPoint","urlTemplate":"https:\/\/canmolinas.com\/?s={search_term_string}"},"query-input":{"@type":"PropertyValueSpecification","valueRequired":true,"valueName":"search_term_string"}}],"inLanguage":"en-GB"},{"@type":"Organization","@id":"https:\/\/canmolinas.com\/#organization","name":"Can Molinas","url":"https:\/\/canmolinas.com\/","logo":{"@type":"ImageObject","inLanguage":"en-GB","@id":"https:\/\/canmolinas.com\/#\/schema\/logo\/image\/","url":"https:\/\/canmolinas.com\/wp-content\/uploads\/2024\/05\/can-molinas-blanco-1.png","contentUrl":"https:\/\/canmolinas.com\/wp-content\/uploads\/2024\/05\/can-molinas-blanco-1.png","width":1242,"height":883,"caption":"Can Molinas"},"image":{"@id":"https:\/\/canmolinas.com\/#\/schema\/logo\/image\/"}}]}},"_links":{"self":[{"href":"https:\/\/canmolinas.com\/en\/wp-json\/wp\/v2\/pages\/156","targetHints":{"allow":["GET"]}}],"collection":[{"href":"https:\/\/canmolinas.com\/en\/wp-json\/wp\/v2\/pages"}],"about":[{"href":"https:\/\/canmolinas.com\/en\/wp-json\/wp\/v2\/types\/page"}],"author":[{"embeddable":true,"href":"https:\/\/canmolinas.com\/en\/wp-json\/wp\/v2\/users\/1"}],"replies":[{"embeddable":true,"href":"https:\/\/canmolinas.com\/en\/wp-json\/wp\/v2\/comments?post=156"}],"version-history":[{"count":7,"href":"https:\/\/canmolinas.com\/en\/wp-json\/wp\/v2\/pages\/156\/revisions"}],"predecessor-version":[{"id":547,"href":"https:\/\/canmolinas.com\/en\/wp-json\/wp\/v2\/pages\/156\/revisions\/547"}],"wp:attachment":[{"href":"https:\/\/canmolinas.com\/en\/wp-json\/wp\/v2\/media?parent=156"}],"curies":[{"name":"wp","href":"https:\/\/api.w.org\/{rel}","templated":true}]}}